{"id":2345,"date":"2014-05-05T13:14:23","date_gmt":"2014-05-05T11:14:23","guid":{"rendered":"https:\/\/www.easyais.com\/en\/?page_id=2345"},"modified":"2025-02-28T16:17:26","modified_gmt":"2025-02-28T14:17:26","slug":"south-america","status":"publish","type":"page","link":"https:\/\/www.easyais.com\/en\/where-to-buy\/south-america\/","title":{"rendered":"South America"},"content":{"rendered":"<p>[et_pb_section fb_built=&#8221;1&#8243; fullwidth=&#8221;on&#8221; disabled_on=&#8221;on|on|on&#8221; admin_label=&#8221;section&#8221; _builder_version=&#8221;4.16&#8243; background_color=&#8221;#85a6d1&#8243; background_image=&#8221;https:\/\/www.easyais.com\/en\/wp-content\/uploads\/sites\/5\/2014\/05\/head_welt.jpg&#8221; disabled=&#8221;on&#8221; global_colors_info=&#8221;{}&#8221;][et_pb_fullwidth_header title=&#8221;South America&#8221; content_max_width=&#8221;none&#8221; admin_label=&#8221;South America&#8221; _builder_version=&#8221;4.16&#8243; background_color=&#8221;rgba(255, 255, 255, 0)&#8221; global_colors_info=&#8221;{}&#8221; button_one_text_size__hover_enabled=&#8221;off&#8221; button_one_text_size__hover=&#8221;null&#8221; button_two_text_size__hover_enabled=&#8221;off&#8221; button_two_text_size__hover=&#8221;null&#8221; button_one_text_color__hover_enabled=&#8221;off&#8221; button_one_text_color__hover=&#8221;null&#8221; button_two_text_color__hover_enabled=&#8221;off&#8221; button_two_text_color__hover=&#8221;null&#8221; button_one_border_width__hover_enabled=&#8221;off&#8221; button_one_border_width__hover=&#8221;null&#8221; button_two_border_width__hover_enabled=&#8221;off&#8221; button_two_border_width__hover=&#8221;null&#8221; button_one_border_color__hover_enabled=&#8221;off&#8221; button_one_border_color__hover=&#8221;null&#8221; button_two_border_color__hover_enabled=&#8221;off&#8221; button_two_border_color__hover=&#8221;null&#8221; button_one_border_radius__hover_enabled=&#8221;off&#8221; button_one_border_radius__hover=&#8221;null&#8221; button_two_border_radius__hover_enabled=&#8221;off&#8221; button_two_border_radius__hover=&#8221;null&#8221; button_one_letter_spacing__hover_enabled=&#8221;off&#8221; button_one_letter_spacing__hover=&#8221;null&#8221; button_two_letter_spacing__hover_enabled=&#8221;off&#8221; button_two_letter_spacing__hover=&#8221;null&#8221; button_one_bg_color__hover_enabled=&#8221;off&#8221; button_one_bg_color__hover=&#8221;null&#8221; button_two_bg_color__hover_enabled=&#8221;off&#8221; button_two_bg_color__hover=&#8221;null&#8221;][\/et_pb_fullwidth_header][\/et_pb_section][et_pb_section fb_built=&#8221;1&#8243; admin_label=&#8221;Sektion&#8221; _builder_version=&#8221;4.16&#8243; background_color=&#8221;#f4f4f4&#8243; custom_padding=&#8221;0px||0px|&#8221; locked=&#8221;off&#8221; global_colors_info=&#8221;{}&#8221;][et_pb_row column_structure=&#8221;3_4,1_4&#8243; _builder_version=&#8221;4.16&#8243; background_size=&#8221;initial&#8221; background_position=&#8221;top_left&#8221; background_repeat=&#8221;repeat&#8221; custom_padding=&#8221;0px||0px|&#8221; global_colors_info=&#8221;{}&#8221;][et_pb_column type=&#8221;3_4&#8243; _builder_version=&#8221;4.16&#8243; custom_padding=&#8221;|||&#8221; global_colors_info=&#8221;{}&#8221; custom_padding__hover=&#8221;|||&#8221;][\/et_pb_column][et_pb_column type=&#8221;1_4&#8243; _builder_version=&#8221;4.16&#8243; custom_padding=&#8221;|||&#8221; global_colors_info=&#8221;{}&#8221; custom_padding__hover=&#8221;|||&#8221;][et_pb_text admin_label=&#8221;Sprachen&#8221; _builder_version=&#8221;4.16&#8243; text_text_color=&#8221;#003d8f&#8221; header_text_color=&#8221;#ffffff&#8221; background_color=&#8221;#f4f4f4&#8243; background_size=&#8221;initial&#8221; background_position=&#8221;top_left&#8221; background_repeat=&#8221;repeat&#8221; text_orientation=&#8221;right&#8221; use_border_color=&#8221;off&#8221; saved_tabs=&#8221;all&#8221; global_colors_info=&#8221;{}&#8221;]  [\/et_pb_text][\/et_pb_column][\/et_pb_row][\/et_pb_section][et_pb_section fb_built=&#8221;1&#8243; admin_label=&#8221;Hero&#8221; _builder_version=&#8221;4.16&#8243; custom_padding=&#8221;0px|0px|0px|0px&#8221; animation_style=&#8221;zoom&#8221; animation_intensity_zoom=&#8221;4%&#8221; locked=&#8221;off&#8221; global_colors_info=&#8221;{}&#8221;][et_pb_row admin_label=&#8221;Zeile&#8221; _builder_version=&#8221;4.16&#8243; locked=&#8221;off&#8221; global_colors_info=&#8221;{}&#8221;][et_pb_column type=&#8221;4_4&#8243; _builder_version=&#8221;4.16&#8243; global_colors_info=&#8221;{}&#8221;][et_pb_text admin_label=&#8221;South America&#8221; _builder_version=&#8221;4.24.2&#8243; text_font=&#8221;||||||||&#8221; text_font_size=&#8221;30px&#8221; global_colors_info=&#8221;{}&#8221;]<\/p>\n<h1 style=\"text-align: center;\"><strong>Weatherdock Distributor South America<br \/><\/strong><\/h1>\n<p>[\/et_pb_text][et_pb_text _builder_version=&#8221;4.24.2&#8243; text_font=&#8221;||||||||&#8221; text_text_color=&#8221;#747d88&#8243; text_line_height=&#8221;1.8em&#8221; text_orientation=&#8221;center&#8221; max_width=&#8221;900px&#8221; module_alignment=&#8221;center&#8221; custom_margin=&#8221;|||&#8221; animation_style=&#8221;slide&#8221; animation_direction=&#8221;bottom&#8221; animation_delay=&#8221;100ms&#8221; animation_intensity_slide=&#8221;4%&#8221; z_index_tablet=&#8221;500&#8243; locked=&#8221;off&#8221; global_colors_info=&#8221;{}&#8221;]<\/p>\n<p style=\"text-align: center;\"><span class=\"fs20\"><span class=\"ff1 cf0\"><strong>\u00a0Weatherdock Distributor South America<br \/><\/strong><\/span><\/span><span class=\"fs20\"><span class=\"ff1 cf0\">Find our sales partners in South America<\/span><\/span><\/p>\n<p>[\/et_pb_text][et_pb_divider _builder_version=&#8221;4.16&#8243; global_colors_info=&#8221;{}&#8221;][\/et_pb_divider][\/et_pb_column][\/et_pb_row][\/et_pb_section][et_pb_section fb_built=&#8221;1&#8243; _builder_version=&#8221;4.16&#8243; global_colors_info=&#8221;{}&#8221;][et_pb_row column_structure=&#8221;2_3,1_3&#8243; _builder_version=&#8221;4.16&#8243; background_size=&#8221;initial&#8221; background_position=&#8221;top_left&#8221; background_repeat=&#8221;repeat&#8221; max_width=&#8221;1080px&#8221; global_colors_info=&#8221;{}&#8221;][et_pb_column type=&#8221;2_3&#8243; _builder_version=&#8221;4.16&#8243; custom_padding=&#8221;|||&#8221; global_colors_info=&#8221;{}&#8221; custom_padding__hover=&#8221;|||&#8221;][et_pb_toggle title=&#8221;BRAZIL&#8221; admin_label=&#8221;BRAZIL&#8221; _builder_version=&#8221;4.22.2&#8243; background_size=&#8221;initial&#8221; background_position=&#8221;top_left&#8221; background_repeat=&#8221;repeat&#8221; global_colors_info=&#8221;{}&#8221;]<\/p>\n<div class=\"et_pb_toggle_content clearfix\">\n<p><strong>Weatherdock AG<\/strong><br \/>Emmericher Strasse 17<br \/>D-90411 N\u00fcrnberg<br \/>Deutschland<br \/>Tel.: +49 911 376638-30<br \/>Fax:\u00a0 +49 911 376638-40<br \/><a href=\"mailto:info@weatherdock.de\" target=\"_blank\" rel=\"noopener noreferrer\">info@weatherdock.de<\/a><br \/><a href=\"https:\/\/easyais-shop.com\/en\/\">Onlineshop &gt;<\/a><\/p>\n<\/div>\n<p>[\/et_pb_toggle][et_pb_toggle title=&#8221;CHILE&#8221; admin_label=&#8221;CHILE&#8221; _builder_version=&#8221;4.24.0&#8243; background_size=&#8221;initial&#8221; background_position=&#8221;top_left&#8221; background_repeat=&#8221;repeat&#8221; border_style=&#8221;solid&#8221; global_colors_info=&#8221;{}&#8221;]<\/p>\n<div class=\"et_pb_toggle_content clearfix\">\n<p><a href=\"https:\/\/www.easyais.com\/en\/where-to-buy\/south-america\/attachment\/logo-distributor-chile-selmar\/\"><img decoding=\"async\" class=\"wp-image-56327 size-full\" src=\"https:\/\/www.easyais.com\/en\/wp-content\/uploads\/sites\/5\/2024\/02\/Logo-Distributor-Chile-Selmar.png\" alt=\"Logo Distributor Chile Selmar\" width=\"313\" height=\"60\" srcset=\"https:\/\/www.easyais.com\/en\/wp-content\/uploads\/sites\/5\/2024\/02\/Logo-Distributor-Chile-Selmar.png 313w, https:\/\/www.easyais.com\/en\/wp-content\/uploads\/sites\/5\/2024\/02\/Logo-Distributor-Chile-Selmar-300x58.png 300w, https:\/\/www.easyais.com\/en\/wp-content\/uploads\/sites\/5\/2024\/02\/Logo-Distributor-Chile-Selmar-24x5.png 24w, https:\/\/www.easyais.com\/en\/wp-content\/uploads\/sites\/5\/2024\/02\/Logo-Distributor-Chile-Selmar-36x7.png 36w, https:\/\/www.easyais.com\/en\/wp-content\/uploads\/sites\/5\/2024\/02\/Logo-Distributor-Chile-Selmar-48x9.png 48w\" sizes=\"(max-width: 313px) 100vw, 313px\" \/><\/a><\/p>\n<p><strong>SELMAR Marine Electronics<\/strong><br \/><span class=\"ui-provider a b c d e f g h i j k l m n o p q r s t u v w x y z ab ac ae af ag ah ai aj ak\" dir=\"ltr\">Avenida San Andres 102<\/span><br \/><span class=\"ui-provider a b c d e f g h i j k l m n o p q r s t u v w x y z ab ac ae af ag ah ai aj ak\" dir=\"ltr\">Concepcion<\/span><br \/><span class=\"ui-provider a b c d e f g h i j k l m n o p q r s t u v w x y z ab ac ae af ag ah ai aj ak\" dir=\"ltr\">Chile<\/span><br \/>Tel.: +56 41 2920800<br \/> info.selmar@selmar.cl<br \/><a href=\"https:\/\/www.selmar.cl\/\">www.selmar.cl<\/a><\/p>\n<\/div>\n<p>[\/et_pb_toggle][et_pb_toggle title=&#8221;COLOMBIA&#8221; admin_label=&#8221;COLOMBIA&#8221; _builder_version=&#8221;4.27.4&#8243; background_size=&#8221;initial&#8221; background_position=&#8221;top_left&#8221; background_repeat=&#8221;repeat&#8221; hover_enabled=&#8221;0&#8243; z_index_tablet=&#8221;500&#8243; border_style=&#8221;solid&#8221; global_colors_info=&#8221;{}&#8221; sticky_enabled=&#8221;0&#8243;]<\/p>\n<p><img decoding=\"async\" class=\"alignnone wp-image-50356\" src=\"https:\/\/www.easyais.com\/en\/wp-content\/uploads\/sites\/5\/2019\/04\/Logo_Aquavante.jpg\" alt=\"\" width=\"296\" height=\"81\" srcset=\"https:\/\/www.easyais.com\/en\/wp-content\/uploads\/sites\/5\/2019\/04\/Logo_Aquavante.jpg 384w, https:\/\/www.easyais.com\/en\/wp-content\/uploads\/sites\/5\/2019\/04\/Logo_Aquavante-300x82.jpg 300w, https:\/\/www.easyais.com\/en\/wp-content\/uploads\/sites\/5\/2019\/04\/Logo_Aquavante-24x7.jpg 24w, https:\/\/www.easyais.com\/en\/wp-content\/uploads\/sites\/5\/2019\/04\/Logo_Aquavante-36x10.jpg 36w, https:\/\/www.easyais.com\/en\/wp-content\/uploads\/sites\/5\/2019\/04\/Logo_Aquavante-48x13.jpg 48w\" sizes=\"(max-width: 296px) 100vw, 296px\" \/><\/p>\n<p><strong>Aquavante Soluciones Tecnol\u00f3gicas S.A.S<br \/><\/strong>CESAR AUGUSTO VARGAS TURIZO<br \/>CARRERA 74 A BIS # 67 &#8211; 44 UNIDAD 101<br \/>BOGOT\u00c1 \u2013 COLOMBIA<br \/>Phone: +57 3116638354 \/ 3145461370<br \/><a href=\"mailto:comercial@aquavante.co\">comercial@aquavante.co<\/a><br \/><a href=\"http:\/\/www.aquavante.co\/\">www.aquavante.co<\/a><\/p>\n<p><a href=\"https:\/\/www.easyais.com\/en\/wp-content\/uploads\/sites\/5\/2025\/02\/INSM-Logo.png\" data-rel=\"lightbox-image-0\" data-rl_title=\"\" data-rl_caption=\"\" title=\"\"><img decoding=\"async\" class=\"wp-image-57995 alignnone size-full\" src=\"https:\/\/www.easyais.com\/en\/wp-content\/uploads\/sites\/5\/2025\/02\/INSM-Logo.png\" alt=\"\" width=\"285\" height=\"87\" srcset=\"https:\/\/www.easyais.com\/en\/wp-content\/uploads\/sites\/5\/2025\/02\/INSM-Logo.png 285w, https:\/\/www.easyais.com\/en\/wp-content\/uploads\/sites\/5\/2025\/02\/INSM-Logo-24x7.png 24w, https:\/\/www.easyais.com\/en\/wp-content\/uploads\/sites\/5\/2025\/02\/INSM-Logo-36x11.png 36w, https:\/\/www.easyais.com\/en\/wp-content\/uploads\/sites\/5\/2025\/02\/INSM-Logo-48x15.png 48w\" sizes=\"(max-width: 285px) 100vw, 285px\" \/><\/a><\/p>\n<p><strong>Ingenier\u00eda Naval &amp; Senalizaci\u00f3n Mar\u00edtima S.A.S.<\/strong><br \/>CARRERA 54 # 64-97 OFICINA 104B<br \/>BARRANQUILLA &#8211; COLOMBIA<br \/>Telefono: +57 6053338403<br \/><a href=\"http:\/\/www.ingnavalsenalmaritima.com\">www.ingnavalsenalmaritima.com<\/a><\/p>\n<p>&nbsp;<\/p>\n<p>[\/et_pb_toggle][et_pb_toggle title=&#8221;PARAGUAY&#8221; admin_label=&#8221;PARAGUAY&#8221; _builder_version=&#8221;4.22.2&#8243; background_size=&#8221;initial&#8221; background_position=&#8221;top_left&#8221; background_repeat=&#8221;repeat&#8221; z_index_tablet=&#8221;500&#8243; border_style=&#8221;solid&#8221; locked=&#8221;off&#8221; global_colors_info=&#8221;{}&#8221;]<\/p>\n<p><img decoding=\"async\" class=\"alignnone wp-image-53877\" src=\"https:\/\/www.easyais.com\/en\/wp-content\/uploads\/sites\/5\/2022\/06\/Logo-Distributo-latincomp.png\" alt=\"Logo Distributo latincomp\" width=\"250\" height=\"55\" \/><\/p>\n<p><strong>Latincomp Paraguay S.R.L.<\/strong><br \/>Santa Ana 1050 1 D<br \/>Asuncion<br \/>Paraguay<br \/>Phone: +595 976 146 111<br \/><a href=\"mailto:soporte@latincomp.net\">soporte@latincomp.net<\/a><br \/><a href=\"https:\/\/www.latincomp.net\/home.html\" target=\"_blank\" rel=\"noopener noreferrer\">www.latincomp.net<\/a><\/p>\n<p>&nbsp;<\/p>\n<p>&nbsp;<\/p>\n<p>[\/et_pb_toggle][et_pb_toggle title=&#8221;PERU&#8221; admin_label=&#8221;PERU&#8221; _builder_version=&#8221;4.22.2&#8243; background_size=&#8221;initial&#8221; background_position=&#8221;top_left&#8221; background_repeat=&#8221;repeat&#8221; z_index_tablet=&#8221;500&#8243; closed_title_text_shadow_horizontal_length_tablet=&#8221;0px&#8221; closed_title_text_shadow_vertical_length_tablet=&#8221;0px&#8221; closed_title_text_shadow_blur_strength_tablet=&#8221;1px&#8221; body_link_text_shadow_horizontal_length_tablet=&#8221;0px&#8221; body_link_text_shadow_vertical_length_tablet=&#8221;0px&#8221; body_link_text_shadow_blur_strength_tablet=&#8221;1px&#8221; body_ul_text_shadow_horizontal_length_tablet=&#8221;0px&#8221; body_ul_text_shadow_vertical_length_tablet=&#8221;0px&#8221; body_ul_text_shadow_blur_strength_tablet=&#8221;1px&#8221; body_ol_text_shadow_horizontal_length_tablet=&#8221;0px&#8221; body_ol_text_shadow_vertical_length_tablet=&#8221;0px&#8221; body_ol_text_shadow_blur_strength_tablet=&#8221;1px&#8221; body_quote_text_shadow_horizontal_length_tablet=&#8221;0px&#8221; body_quote_text_shadow_vertical_length_tablet=&#8221;0px&#8221; body_quote_text_shadow_blur_strength_tablet=&#8221;1px&#8221; box_shadow_horizontal_tablet=&#8221;0px&#8221; box_shadow_vertical_tablet=&#8221;0px&#8221; box_shadow_blur_tablet=&#8221;40px&#8221; box_shadow_spread_tablet=&#8221;0px&#8221; border_style=&#8221;solid&#8221; global_colors_info=&#8221;{}&#8221;]<\/p>\n<p><img decoding=\"async\" class=\"alignnone wp-image-50857 size-full\" src=\"https:\/\/www.easyais.com\/en\/wp-content\/uploads\/sites\/5\/2019\/11\/Logo-Distributor-Peru-Reset-Naval.png\" alt=\"\" width=\"260\" height=\"55\" srcset=\"https:\/\/www.easyais.com\/en\/wp-content\/uploads\/sites\/5\/2019\/11\/Logo-Distributor-Peru-Reset-Naval.png 260w, https:\/\/www.easyais.com\/en\/wp-content\/uploads\/sites\/5\/2019\/11\/Logo-Distributor-Peru-Reset-Naval-24x5.png 24w, https:\/\/www.easyais.com\/en\/wp-content\/uploads\/sites\/5\/2019\/11\/Logo-Distributor-Peru-Reset-Naval-36x8.png 36w, https:\/\/www.easyais.com\/en\/wp-content\/uploads\/sites\/5\/2019\/11\/Logo-Distributor-Peru-Reset-Naval-48x10.png 48w\" sizes=\"(max-width: 260px) 100vw, 260px\" \/><\/p>\n<p><strong>Reset\u00a0&#8211;\u00a0Electronica y Sistemas S.R.L.<\/strong>\u00a0<strong>|\u00a0Reset\u00a0Naval\u00a0S.R.L.<br \/><\/strong><span class=\"elementor-icon-list-text\">Calle Mart\u00edn de Mur\u00faa, 150,<\/span><br \/><span class=\"elementor-icon-list-text\">San Miguel, Lima<\/span><br \/>Peru<br \/>Phone:\u00a0<span class=\"elementor-icon-list-text\">+51 998276663 \/ 511-6367303 &#8211; 6367301 <\/span><br \/><a href=\"mailto:enquiries@resetnaval.com\"><span class=\"elementor-icon-list-text\">enquiries@resetnaval.com<\/span><\/a><br \/><a href=\"http:\/\/resetnaval.com\/\" target=\"_blank\" rel=\"noopener noreferrer\">resetnaval.com<\/a><\/p>\n<p>&nbsp;<\/p>\n<p>&nbsp;<\/p>\n<p>[\/et_pb_toggle][et_pb_toggle title=&#8221;SURINAME &#038; BARBADOS&#8221; admin_label=&#8221;SURINAME &#038; BARBADOS&#8221; _builder_version=&#8221;4.22.2&#8243; background_size=&#8221;initial&#8221; background_position=&#8221;top_left&#8221; background_repeat=&#8221;repeat&#8221; z_index_tablet=&#8221;500&#8243; border_style=&#8221;solid&#8221; global_colors_info=&#8221;{}&#8221;]<\/p>\n<div class=\"et_pb_toggle_content clearfix\">\n<p><strong>Weatherdock AG<\/strong><br \/>Emmericher Strasse 17<br \/>D-90411 N\u00fcrnberg<br \/>Deutschland<br \/>Tel.: +49 911 376638-30<br \/>Fax:\u00a0 +49 911 376638-40<br \/><a href=\"mailto:info@weatherdock.de\" target=\"_blank\" rel=\"noopener noreferrer\">info@weatherdock.de<\/a><br \/><a href=\"https:\/\/easyais-shop.com\/en\/\">Onlineshop &gt;<\/a><\/p>\n<\/div>\n<p>[\/et_pb_toggle][\/et_pb_column][et_pb_column type=&#8221;1_3&#8243; _builder_version=&#8221;4.16&#8243; custom_padding=&#8221;|||&#8221; global_colors_info=&#8221;{}&#8221; custom_padding__hover=&#8221;|||&#8221;][et_pb_image src=&#8221;https:\/\/www.easyais.com\/en\/wp-content\/uploads\/sites\/5\/2014\/05\/south_america.jpg&#8221; align_tablet=&#8221;center&#8221; align_phone=&#8221;&#8221; align_last_edited=&#8221;on|desktop&#8221; admin_label=&#8221;Image: South America&#8221; _builder_version=&#8221;4.24.2&#8243; animation_style=&#8221;slide&#8221; animation_direction=&#8221;right&#8221; animation_duration=&#8221;500ms&#8221; animation_intensity_slide=&#8221;10%&#8221; animation=&#8221;right&#8221; global_colors_info=&#8221;{}&#8221;][\/et_pb_image][et_pb_blurb title=&#8221;Back to Overview&#8221; url=&#8221;https:\/\/www.easyais.com\/en\/buy\/&#8221; use_icon=&#8221;on&#8221; font_icon=&#8221;&#x48;||divi||400&#8243; icon_placement=&#8221;left&#8221; admin_label=&#8221;Back to Overview&#8221; _builder_version=&#8221;4.24.2&#8243; _module_preset=&#8221;default&#8221; locked=&#8221;off&#8221; global_colors_info=&#8221;{}&#8221;][\/et_pb_blurb][\/et_pb_column][\/et_pb_row][\/et_pb_section]<\/p>\n","protected":false},"excerpt":{"rendered":"<p> Weatherdock Distributor South America\u00a0Weatherdock Distributor South AmericaFind our sales partners in South America Weatherdock AGEmmericher Strasse 17D-90411 N\u00fcrnbergDeutschlandTel.: +49 911 376638-30Fax:\u00a0 +49 911 376638-40info@weatherdock.deOnlineshop &gt; SELMAR Marine ElectronicsAvenida San Andres 102ConcepcionChileTel.: +56 41 2920800 info.selmar@selmar.clwww.selmar.cl Aquavante Soluciones Tecnol\u00f3gicas S.A.SCESAR AUGUSTO VARGAS TURIZOCARRERA 74 A BIS # 67 &#8211; 44 UNIDAD 101BOGOT\u00c1 \u2013 COLOMBIAPhone: +57 [&hellip;]<\/p>\n","protected":false},"author":2,"featured_media":0,"parent":2033,"menu_order":0,"comment_status":"open","ping_status":"open","template":"","meta":{"_et_pb_use_builder":"on","_et_pb_old_content":"","_et_gb_content_width":"","footnotes":""},"class_list":["post-2345","page","type-page","status-publish","hentry"],"yoast_head":"<!-- This site is optimized with the Yoast SEO Premium plugin v27.3 (Yoast SEO v27.3) - https:\/\/yoast.com\/product\/yoast-seo-premium-wordpress\/ -->\n<title>Where to buy? Weatherdock in South America<\/title>\n<meta name=\"description\" content=\"Finde the next Weatherdock sales partners in South America: Here we present you a list of our distributors in South America &gt;\" \/>\n<meta name=\"robots\" content=\"index, follow, max-snippet:-1, max-image-preview:large, max-video-preview:-1\" \/>\n<link rel=\"canonical\" href=\"https:\/\/www.easyais.com\/en\/where-to-buy\/south-america\/\" \/>\n<meta name=\"twitter:card\" content=\"summary_large_image\" \/>\n<meta name=\"twitter:title\" content=\"Where to buy? Weatherdock in South America\" \/>\n<meta name=\"twitter:description\" content=\"Finde the next Weatherdock sales partners in South America: Here we present you a list of our distributors in South America &gt;\" \/>\n<meta name=\"twitter:image\" content=\"https:\/\/www.easyais.com\/en\/wp-content\/uploads\/sites\/5\/2024\/02\/Logo-Distributor-Chile-Selmar.png\" \/>\n<meta name=\"twitter:label1\" content=\"Estimated reading time\" \/>\n\t<meta name=\"twitter:data1\" content=\"2 minutes\" \/>\n<script type=\"application\/ld+json\" class=\"yoast-schema-graph\">{\"@context\":\"https:\\\/\\\/schema.org\",\"@graph\":[{\"@type\":\"WebPage\",\"@id\":\"https:\\\/\\\/www.easyais.com\\\/en\\\/where-to-buy\\\/south-america\\\/\",\"url\":\"https:\\\/\\\/www.easyais.com\\\/en\\\/where-to-buy\\\/south-america\\\/\",\"name\":\"Where to buy? Weatherdock in South America\",\"isPartOf\":{\"@id\":\"https:\\\/\\\/www.easyais.com\\\/en\\\/#website\"},\"primaryImageOfPage\":{\"@id\":\"https:\\\/\\\/www.easyais.com\\\/en\\\/where-to-buy\\\/south-america\\\/#primaryimage\"},\"image\":{\"@id\":\"https:\\\/\\\/www.easyais.com\\\/en\\\/where-to-buy\\\/south-america\\\/#primaryimage\"},\"thumbnailUrl\":\"https:\\\/\\\/www.easyais.com\\\/en\\\/wp-content\\\/uploads\\\/sites\\\/5\\\/2024\\\/02\\\/Logo-Distributor-Chile-Selmar.png\",\"datePublished\":\"2014-05-05T11:14:23+00:00\",\"dateModified\":\"2025-02-28T14:17:26+00:00\",\"description\":\"Finde the next Weatherdock sales partners in South America: Here we present you a list of our distributors in South America >\",\"breadcrumb\":{\"@id\":\"https:\\\/\\\/www.easyais.com\\\/en\\\/where-to-buy\\\/south-america\\\/#breadcrumb\"},\"inLanguage\":\"en-GB\",\"potentialAction\":[{\"@type\":\"ReadAction\",\"target\":[\"https:\\\/\\\/www.easyais.com\\\/en\\\/where-to-buy\\\/south-america\\\/\"]}]},{\"@type\":\"ImageObject\",\"inLanguage\":\"en-GB\",\"@id\":\"https:\\\/\\\/www.easyais.com\\\/en\\\/where-to-buy\\\/south-america\\\/#primaryimage\",\"url\":\"https:\\\/\\\/www.easyais.com\\\/en\\\/wp-content\\\/uploads\\\/sites\\\/5\\\/2024\\\/02\\\/Logo-Distributor-Chile-Selmar.png\",\"contentUrl\":\"https:\\\/\\\/www.easyais.com\\\/en\\\/wp-content\\\/uploads\\\/sites\\\/5\\\/2024\\\/02\\\/Logo-Distributor-Chile-Selmar.png\",\"width\":313,\"height\":60,\"caption\":\"Logo Distributor Chile Selmar\"},{\"@type\":\"BreadcrumbList\",\"@id\":\"https:\\\/\\\/www.easyais.com\\\/en\\\/where-to-buy\\\/south-america\\\/#breadcrumb\",\"itemListElement\":[{\"@type\":\"ListItem\",\"position\":1,\"name\":\"Home\",\"item\":\"https:\\\/\\\/www.easyais.com\\\/en\\\/\"},{\"@type\":\"ListItem\",\"position\":2,\"name\":\"Where to buy?\",\"item\":\"https:\\\/\\\/www.easyais.com\\\/en\\\/where-to-buy\\\/\"},{\"@type\":\"ListItem\",\"position\":3,\"name\":\"South America\"}]},{\"@type\":\"WebSite\",\"@id\":\"https:\\\/\\\/www.easyais.com\\\/en\\\/#website\",\"url\":\"https:\\\/\\\/www.easyais.com\\\/en\\\/\",\"name\":\"Weatherdock English\",\"description\":\"Excellence in Radio Technologies\",\"potentialAction\":[{\"@type\":\"SearchAction\",\"target\":{\"@type\":\"EntryPoint\",\"urlTemplate\":\"https:\\\/\\\/www.easyais.com\\\/en\\\/?s={search_term_string}\"},\"query-input\":{\"@type\":\"PropertyValueSpecification\",\"valueRequired\":true,\"valueName\":\"search_term_string\"}}],\"inLanguage\":\"en-GB\"}]}<\/script>\n<!-- \/ Yoast SEO Premium plugin. -->","yoast_head_json":{"title":"Where to buy? Weatherdock in South America","description":"Finde the next Weatherdock sales partners in South America: Here we present you a list of our distributors in South America >","robots":{"index":"index","follow":"follow","max-snippet":"max-snippet:-1","max-image-preview":"max-image-preview:large","max-video-preview":"max-video-preview:-1"},"canonical":"https:\/\/www.easyais.com\/en\/where-to-buy\/south-america\/","twitter_card":"summary_large_image","twitter_title":"Where to buy? Weatherdock in South America","twitter_description":"Finde the next Weatherdock sales partners in South America: Here we present you a list of our distributors in South America >","twitter_image":"https:\/\/www.easyais.com\/en\/wp-content\/uploads\/sites\/5\/2024\/02\/Logo-Distributor-Chile-Selmar.png","twitter_misc":{"Estimated reading time":"2 minutes"},"schema":{"@context":"https:\/\/schema.org","@graph":[{"@type":"WebPage","@id":"https:\/\/www.easyais.com\/en\/where-to-buy\/south-america\/","url":"https:\/\/www.easyais.com\/en\/where-to-buy\/south-america\/","name":"Where to buy? Weatherdock in South America","isPartOf":{"@id":"https:\/\/www.easyais.com\/en\/#website"},"primaryImageOfPage":{"@id":"https:\/\/www.easyais.com\/en\/where-to-buy\/south-america\/#primaryimage"},"image":{"@id":"https:\/\/www.easyais.com\/en\/where-to-buy\/south-america\/#primaryimage"},"thumbnailUrl":"https:\/\/www.easyais.com\/en\/wp-content\/uploads\/sites\/5\/2024\/02\/Logo-Distributor-Chile-Selmar.png","datePublished":"2014-05-05T11:14:23+00:00","dateModified":"2025-02-28T14:17:26+00:00","description":"Finde the next Weatherdock sales partners in South America: Here we present you a list of our distributors in South America >","breadcrumb":{"@id":"https:\/\/www.easyais.com\/en\/where-to-buy\/south-america\/#breadcrumb"},"inLanguage":"en-GB","potentialAction":[{"@type":"ReadAction","target":["https:\/\/www.easyais.com\/en\/where-to-buy\/south-america\/"]}]},{"@type":"ImageObject","inLanguage":"en-GB","@id":"https:\/\/www.easyais.com\/en\/where-to-buy\/south-america\/#primaryimage","url":"https:\/\/www.easyais.com\/en\/wp-content\/uploads\/sites\/5\/2024\/02\/Logo-Distributor-Chile-Selmar.png","contentUrl":"https:\/\/www.easyais.com\/en\/wp-content\/uploads\/sites\/5\/2024\/02\/Logo-Distributor-Chile-Selmar.png","width":313,"height":60,"caption":"Logo Distributor Chile Selmar"},{"@type":"BreadcrumbList","@id":"https:\/\/www.easyais.com\/en\/where-to-buy\/south-america\/#breadcrumb","itemListElement":[{"@type":"ListItem","position":1,"name":"Home","item":"https:\/\/www.easyais.com\/en\/"},{"@type":"ListItem","position":2,"name":"Where to buy?","item":"https:\/\/www.easyais.com\/en\/where-to-buy\/"},{"@type":"ListItem","position":3,"name":"South America"}]},{"@type":"WebSite","@id":"https:\/\/www.easyais.com\/en\/#website","url":"https:\/\/www.easyais.com\/en\/","name":"Weatherdock English","description":"Excellence in Radio Technologies","potentialAction":[{"@type":"SearchAction","target":{"@type":"EntryPoint","urlTemplate":"https:\/\/www.easyais.com\/en\/?s={search_term_string}"},"query-input":{"@type":"PropertyValueSpecification","valueRequired":true,"valueName":"search_term_string"}}],"inLanguage":"en-GB"}]}},"_links":{"self":[{"href":"https:\/\/www.easyais.com\/en\/wp-json\/wp\/v2\/pages\/2345","targetHints":{"allow":["GET"]}}],"collection":[{"href":"https:\/\/www.easyais.com\/en\/wp-json\/wp\/v2\/pages"}],"about":[{"href":"https:\/\/www.easyais.com\/en\/wp-json\/wp\/v2\/types\/page"}],"author":[{"embeddable":true,"href":"https:\/\/www.easyais.com\/en\/wp-json\/wp\/v2\/users\/2"}],"replies":[{"embeddable":true,"href":"https:\/\/www.easyais.com\/en\/wp-json\/wp\/v2\/comments?post=2345"}],"version-history":[{"count":3,"href":"https:\/\/www.easyais.com\/en\/wp-json\/wp\/v2\/pages\/2345\/revisions"}],"predecessor-version":[{"id":57996,"href":"https:\/\/www.easyais.com\/en\/wp-json\/wp\/v2\/pages\/2345\/revisions\/57996"}],"up":[{"embeddable":true,"href":"https:\/\/www.easyais.com\/en\/wp-json\/wp\/v2\/pages\/2033"}],"wp:attachment":[{"href":"https:\/\/www.easyais.com\/en\/wp-json\/wp\/v2\/media?parent=2345"}],"curies":[{"name":"wp","href":"https:\/\/api.w.org\/{rel}","templated":true}]}}