{"id":2522,"date":"2014-05-07T15:55:28","date_gmt":"2014-05-07T13:55:28","guid":{"rendered":"https:\/\/www.easyais.com\/en\/?page_id=2522"},"modified":"2014-07-14T10:18:47","modified_gmt":"2014-07-14T08:18:47","slug":"faq-wifi","status":"publish","type":"page","link":"https:\/\/www.easyais.com\/en\/faq\/faq-wifi\/","title":{"rendered":"FAQ: WiFi"},"content":{"rendered":"<p>[et_pb_section background_color=&#8221;#85a6d1&#8243; inner_shadow=&#8221;on&#8221; fullwidth=&#8221;on&#8221; parallax=&#8221;off&#8221; parallax_method=&#8221;css&#8221; background_image=&#8221;https:\/\/www.easyais.com\/en\/wp-content\/uploads\/sites\/5\/2014\/04\/head_faq.gif&#8221;][et_pb_fullwidth_header admin_label=&#8221;FAQ: WiFi&#8221; title=&#8221;FAQ: WiFi&#8221; background_layout=&#8221;dark&#8221; text_orientation=&#8221;left&#8221; \/][\/et_pb_section][et_pb_section fullwidth=&#8221;off&#8221;][et_pb_row][et_pb_column type=&#8221;3_4&#8243;][et_pb_toggle admin_label=&#8221;Wie sieht es mit der Kompatibilit\u00e4t der WiFi-Ger\u00e4te &#8230;&#8221; open=&#8221;off&#8221; title=&#8221;Wie sieht es mit der Kompatibilit\u00e4t der WiFi-Ger\u00e4te von Weatherdock aus?&#8221;]<\/p>\n<p>S\u00e4mtliche Weatherdock WiFi-Ger\u00e4te, easyAIS_WiFi, easyAIS-IS_WiFi, easyTRX2_WiFi und easyTRX2-IS_WiFi sind voll kompatibel zu allen g\u00e4ngigen AIS-Apps f\u00fcr iPad\u00ae, iPhone\u00ae oder iPod\u00ae, wie z. B.<\/p>\n<ul>\n<li>iNavX (kostenpflichtig)<\/li>\n<li>F\u00fcr diese App muss eine neue Kartenlizenz erworben werden. Die evtl. vorhandene Lizenz f\u00fcr einen Kartenplotter kann nicht genutzt werden<\/li>\n<li>AIS Radar (kostenpflichtig)<\/li>\n<li>iPilot (kostenpflichtig)<\/li>\n<li>easyAIS(kostenlos im Appstore(Apple) und Playstore(Google))<\/li>\n<\/ul>\n<p>Die Weatherdock WiFi-Ger\u00e4te sind ebenfalls kompatibel zu der kostenpflichtigen Android-App iRegatta.<\/p>\n<p>Die Ger\u00e4te sind unter den Betriebssystemen Windows XP, Windows Vista und Windows 7 im 32Bit Betrieb in vollem Umfang verwendbar.<\/p>\n<p>Nehmen Sie folgende Einstellungen vor um sich mit Ihrem WiFi-Ger\u00e4t zu verbinden:<br \/>\nIP-Adresse: 192.168.10.1<br \/>\nPort: 5101<br \/>\nDas Password, sowie den Netzwerknamen entnehmen Sie bitte der Ger\u00e4teunterseite.<\/p>\n<p>[\/et_pb_toggle][\/et_pb_column][et_pb_column type=&#8221;1_4&#8243;][et_pb_sidebar admin_label=&#8221;Sidebar&#8221; orientation=&#8221;left&#8221; area=&#8221;et_pb_widget_area_13&#8243; background_layout=&#8221;light&#8221; \/][\/et_pb_column][\/et_pb_row][\/et_pb_section]<\/p>\n","protected":false},"excerpt":{"rendered":"<p><div class=\"et_pb_row et_pb_row_0 et_pb_row_empty\">\n\t\t\t\t\n\t\t\t\t\n\t\t\t\t\n\t\t\t\t\n\t\t\t\t\n\t\t\t<\/div> S\u00e4mtliche Weatherdock WiFi-Ger\u00e4te, easyAIS_WiFi, easyAIS-IS_WiFi, easyTRX2_WiFi und easyTRX2-IS_WiFi sind voll kompatibel zu allen g\u00e4ngigen AIS-Apps f\u00fcr iPad\u00ae, iPhone\u00ae oder iPod\u00ae, wie z. B. iNavX (kostenpflichtig) F\u00fcr diese App muss eine neue Kartenlizenz erworben werden. Die evtl. vorhandene Lizenz f\u00fcr einen Kartenplotter kann nicht genutzt werden AIS Radar (kostenpflichtig) iPilot (kostenpflichtig) easyAIS(kostenlos im Appstore(Apple) und [&hellip;]<\/p>\n","protected":false},"author":2,"featured_media":0,"parent":2040,"menu_order":0,"comment_status":"open","ping_status":"open","template":"","meta":{"_et_pb_use_builder":"on","_et_pb_old_content":"","_et_gb_content_width":"","footnotes":""},"class_list":["post-2522","page","type-page","status-publish","hentry"],"yoast_head":"<!-- This site is optimized with the Yoast SEO Premium plugin v27.4 (Yoast SEO v27.4) - https:\/\/yoast.com\/product\/yoast-seo-premium-wordpress\/ -->\n<title>FAQ: WiFi - Weatherdock English<\/title>\n<meta name=\"robots\" content=\"index, follow, max-snippet:-1, max-image-preview:large, max-video-preview:-1\" \/>\n<link rel=\"canonical\" href=\"https:\/\/www.easyais.com\/en\/faq\/faq-wifi\/\" \/>\n<meta name=\"twitter:card\" content=\"summary_large_image\" \/>\n<meta name=\"twitter:title\" content=\"FAQ: WiFi - Weatherdock English\" \/>\n<meta name=\"twitter:description\" content=\"[et_pb_row] S\u00e4mtliche Weatherdock WiFi-Ger\u00e4te, easyAIS_WiFi, easyAIS-IS_WiFi, easyTRX2_WiFi und easyTRX2-IS_WiFi sind voll kompatibel zu allen g\u00e4ngigen AIS-Apps f\u00fcr iPad\u00ae, iPhone\u00ae oder iPod\u00ae, wie z. B. iNavX (kostenpflichtig) F\u00fcr diese App muss eine neue Kartenlizenz erworben werden. Die evtl. vorhandene Lizenz f\u00fcr einen Kartenplotter kann nicht genutzt werden AIS Radar (kostenpflichtig) iPilot (kostenpflichtig) easyAIS(kostenlos im Appstore(Apple) und [&hellip;]\" \/>\n<meta name=\"twitter:label1\" content=\"Estimated reading time\" \/>\n\t<meta name=\"twitter:data1\" content=\"1 minute\" \/>\n<script type=\"application\/ld+json\" class=\"yoast-schema-graph\">{\"@context\":\"https:\\\/\\\/schema.org\",\"@graph\":[{\"@type\":\"WebPage\",\"@id\":\"https:\\\/\\\/www.easyais.com\\\/en\\\/faq\\\/faq-wifi\\\/\",\"url\":\"https:\\\/\\\/www.easyais.com\\\/en\\\/faq\\\/faq-wifi\\\/\",\"name\":\"FAQ: WiFi - Weatherdock English\",\"isPartOf\":{\"@id\":\"https:\\\/\\\/www.easyais.com\\\/en\\\/#website\"},\"datePublished\":\"2014-05-07T13:55:28+00:00\",\"dateModified\":\"2014-07-14T08:18:47+00:00\",\"breadcrumb\":{\"@id\":\"https:\\\/\\\/www.easyais.com\\\/en\\\/faq\\\/faq-wifi\\\/#breadcrumb\"},\"inLanguage\":\"en-GB\",\"potentialAction\":[{\"@type\":\"ReadAction\",\"target\":[\"https:\\\/\\\/www.easyais.com\\\/en\\\/faq\\\/faq-wifi\\\/\"]}]},{\"@type\":\"BreadcrumbList\",\"@id\":\"https:\\\/\\\/www.easyais.com\\\/en\\\/faq\\\/faq-wifi\\\/#breadcrumb\",\"itemListElement\":[{\"@type\":\"ListItem\",\"position\":1,\"name\":\"Home\",\"item\":\"https:\\\/\\\/www.easyais.com\\\/en\\\/\"},{\"@type\":\"ListItem\",\"position\":2,\"name\":\"FAQ\",\"item\":\"https:\\\/\\\/www.easyais.com\\\/en\\\/faq\\\/\"},{\"@type\":\"ListItem\",\"position\":3,\"name\":\"FAQ: WiFi\"}]},{\"@type\":\"WebSite\",\"@id\":\"https:\\\/\\\/www.easyais.com\\\/en\\\/#website\",\"url\":\"https:\\\/\\\/www.easyais.com\\\/en\\\/\",\"name\":\"Weatherdock English\",\"description\":\"Excellence in Radio Technologies\",\"potentialAction\":[{\"@type\":\"SearchAction\",\"target\":{\"@type\":\"EntryPoint\",\"urlTemplate\":\"https:\\\/\\\/www.easyais.com\\\/en\\\/?s={search_term_string}\"},\"query-input\":{\"@type\":\"PropertyValueSpecification\",\"valueRequired\":true,\"valueName\":\"search_term_string\"}}],\"inLanguage\":\"en-GB\"}]}<\/script>\n<!-- \/ Yoast SEO Premium plugin. -->","yoast_head_json":{"title":"FAQ: WiFi - Weatherdock English","robots":{"index":"index","follow":"follow","max-snippet":"max-snippet:-1","max-image-preview":"max-image-preview:large","max-video-preview":"max-video-preview:-1"},"canonical":"https:\/\/www.easyais.com\/en\/faq\/faq-wifi\/","twitter_card":"summary_large_image","twitter_title":"FAQ: WiFi - Weatherdock English","twitter_description":"[et_pb_row] S\u00e4mtliche Weatherdock WiFi-Ger\u00e4te, easyAIS_WiFi, easyAIS-IS_WiFi, easyTRX2_WiFi und easyTRX2-IS_WiFi sind voll kompatibel zu allen g\u00e4ngigen AIS-Apps f\u00fcr iPad\u00ae, iPhone\u00ae oder iPod\u00ae, wie z. B. iNavX (kostenpflichtig) F\u00fcr diese App muss eine neue Kartenlizenz erworben werden. Die evtl. vorhandene Lizenz f\u00fcr einen Kartenplotter kann nicht genutzt werden AIS Radar (kostenpflichtig) iPilot (kostenpflichtig) easyAIS(kostenlos im Appstore(Apple) und [&hellip;]","twitter_misc":{"Estimated reading time":"1 minute"},"schema":{"@context":"https:\/\/schema.org","@graph":[{"@type":"WebPage","@id":"https:\/\/www.easyais.com\/en\/faq\/faq-wifi\/","url":"https:\/\/www.easyais.com\/en\/faq\/faq-wifi\/","name":"FAQ: WiFi - Weatherdock English","isPartOf":{"@id":"https:\/\/www.easyais.com\/en\/#website"},"datePublished":"2014-05-07T13:55:28+00:00","dateModified":"2014-07-14T08:18:47+00:00","breadcrumb":{"@id":"https:\/\/www.easyais.com\/en\/faq\/faq-wifi\/#breadcrumb"},"inLanguage":"en-GB","potentialAction":[{"@type":"ReadAction","target":["https:\/\/www.easyais.com\/en\/faq\/faq-wifi\/"]}]},{"@type":"BreadcrumbList","@id":"https:\/\/www.easyais.com\/en\/faq\/faq-wifi\/#breadcrumb","itemListElement":[{"@type":"ListItem","position":1,"name":"Home","item":"https:\/\/www.easyais.com\/en\/"},{"@type":"ListItem","position":2,"name":"FAQ","item":"https:\/\/www.easyais.com\/en\/faq\/"},{"@type":"ListItem","position":3,"name":"FAQ: WiFi"}]},{"@type":"WebSite","@id":"https:\/\/www.easyais.com\/en\/#website","url":"https:\/\/www.easyais.com\/en\/","name":"Weatherdock English","description":"Excellence in Radio Technologies","potentialAction":[{"@type":"SearchAction","target":{"@type":"EntryPoint","urlTemplate":"https:\/\/www.easyais.com\/en\/?s={search_term_string}"},"query-input":{"@type":"PropertyValueSpecification","valueRequired":true,"valueName":"search_term_string"}}],"inLanguage":"en-GB"}]}},"_links":{"self":[{"href":"https:\/\/www.easyais.com\/en\/wp-json\/wp\/v2\/pages\/2522","targetHints":{"allow":["GET"]}}],"collection":[{"href":"https:\/\/www.easyais.com\/en\/wp-json\/wp\/v2\/pages"}],"about":[{"href":"https:\/\/www.easyais.com\/en\/wp-json\/wp\/v2\/types\/page"}],"author":[{"embeddable":true,"href":"https:\/\/www.easyais.com\/en\/wp-json\/wp\/v2\/users\/2"}],"replies":[{"embeddable":true,"href":"https:\/\/www.easyais.com\/en\/wp-json\/wp\/v2\/comments?post=2522"}],"version-history":[{"count":0,"href":"https:\/\/www.easyais.com\/en\/wp-json\/wp\/v2\/pages\/2522\/revisions"}],"up":[{"embeddable":true,"href":"https:\/\/www.easyais.com\/en\/wp-json\/wp\/v2\/pages\/2040"}],"wp:attachment":[{"href":"https:\/\/www.easyais.com\/en\/wp-json\/wp\/v2\/media?parent=2522"}],"curies":[{"name":"wp","href":"https:\/\/api.w.org\/{rel}","templated":true}]}}